{"id":4021,"date":"2026-05-05T19:40:24","date_gmt":"2026-05-05T17:40:24","guid":{"rendered":"https:\/\/blog.heilig-cloud.net\/?page_id=4021"},"modified":"2026-05-05T19:40:41","modified_gmt":"2026-05-05T17:40:41","slug":"impressum","status":"publish","type":"page","link":"https:\/\/blog.heilig-cloud.net\/?page_id=4021","title":{"rendered":"Impressum"},"content":{"rendered":"\n<h3 class=\"wp-block-heading\">Angaben gem\u00e4\u00df \u00a7 5 DDG<\/h3>\n\n\n\n<p>Joachim Heilig<br>Amselweg 14<br>57578 Elkenroth<br>Deutschland<\/p>\n\n\n\n<h3 class=\"wp-block-heading\">Kontakt<\/h3>\n\n\n\n<p>Telefon: +49 2747 9149180 <br>E-Mail: blog[at]heilig[dot]it<\/p>\n\n\n\n<h3 class=\"wp-block-heading\">Verantwortlich f\u00fcr den Inhalt nach \u00a7 18 Abs. 2 MStV<\/h3>\n\n\n\n<p>Joachim Heilig<br>Amselweg 14<br>57578 Elkenroth<br>Deutschland<\/p>\n\n\n\n<h3 class=\"wp-block-heading\">Haftungsausschluss<\/h3>\n\n\n\n<p><strong>Haftung f\u00fcr Inhalte<\/strong>&nbsp;Die Inhalte meiner Seiten wurden mit gr\u00f6\u00dfter Sorgfalt erstellt. Da dies ein privater Reiseblog ist, dienen die Informationen lediglich der pers\u00f6nlichen Unterhaltung. F\u00fcr die Richtigkeit, Vollst\u00e4ndigkeit und Aktualit\u00e4t der Inhalte kann ich jedoch keine Gew\u00e4hr \u00fcbernehmen.<\/p>\n\n\n\n<p><strong>Haftung f\u00fcr Links<\/strong>&nbsp;Mein Blog enth\u00e4lt Links zu externen Webseiten Dritter, auf deren Inhalte ich keinen Einfluss habe. Deshalb kann ich f\u00fcr diese fremden Inhalte auch keine Gew\u00e4hr \u00fcbernehmen. F\u00fcr die Inhalte der verlinkten Seiten ist stets der jeweilige Anbieter oder Betreiber der Seiten verantwortlich.<\/p>\n\n\n\n<p id=\"p-rc_84470b92e2dc2f4a-20\"><strong>Urheberrecht<\/strong>&nbsp;Die durch mich erstellten Inhalte und Werke (insbesondere Fotos und Reiseberichte) auf diesen Seiten unterliegen dem deutschen Urheberrecht. Die Vervielf\u00e4ltigung, Bearbeitung, Verbreitung und jede Art der Verwertung au\u00dferhalb der Grenzen des Urheberrechtes bed\u00fcrfen meiner schriftlichen Zustimmung. Downloads und Kopien dieser Seite sind nur f\u00fcr den privaten, nicht kommerziellen Gebrauch gest<sup><\/sup>attet.<\/p>\n","protected":false},"excerpt":{"rendered":"<p>Angaben gem\u00e4\u00df \u00a7 5 DDG Joachim HeiligAmselweg 1457578 ElkenrothDeutschland Kontakt Telefon: +49 2747 9149180 E-Mail: blog[at]heilig[dot]it Verantwortlich f\u00fcr den Inhalt nach \u00a7 18 Abs. 2 MStV Joachim HeiligAmselweg 1457578 ElkenrothDeutschland Haftungsausschluss Haftung f\u00fcr Inhalte&nbsp;Die Inhalte meiner Seiten wurden mit gr\u00f6\u00dfter Sorgfalt erstellt. Da dies ein privater Reiseblog ist, dienen die Informationen lediglich der pers\u00f6nlichen Unterhaltung. &hellip; <a href=\"https:\/\/blog.heilig-cloud.net\/?page_id=4021\" class=\"more-link\"><span class=\"screen-reader-text\">Impressum<\/span> weiterlesen <span class=\"meta-nav\">&rarr;<\/span><\/a><\/p>\n","protected":false},"author":6,"featured_media":0,"parent":0,"menu_order":0,"comment_status":"closed","ping_status":"closed","template":"","meta":{"jetpack_post_was_ever_published":false,"footnotes":""},"class_list":["post-4021","page","type-page","status-publish","hentry"],"jetpack_sharing_enabled":true,"jetpack_shortlink":"https:\/\/wp.me\/P9UxDh-12R","_links":{"self":[{"href":"https:\/\/blog.heilig-cloud.net\/index.php?rest_route=\/wp\/v2\/pages\/4021","targetHints":{"allow":["GET"]}}],"collection":[{"href":"https:\/\/blog.heilig-cloud.net\/index.php?rest_route=\/wp\/v2\/pages"}],"about":[{"href":"https:\/\/blog.heilig-cloud.net\/index.php?rest_route=\/wp\/v2\/types\/page"}],"author":[{"embeddable":true,"href":"https:\/\/blog.heilig-cloud.net\/index.php?rest_route=\/wp\/v2\/users\/6"}],"replies":[{"embeddable":true,"href":"https:\/\/blog.heilig-cloud.net\/index.php?rest_route=%2Fwp%2Fv2%2Fcomments&post=4021"}],"version-history":[{"count":2,"href":"https:\/\/blog.heilig-cloud.net\/index.php?rest_route=\/wp\/v2\/pages\/4021\/revisions"}],"predecessor-version":[{"id":4023,"href":"https:\/\/blog.heilig-cloud.net\/index.php?rest_route=\/wp\/v2\/pages\/4021\/revisions\/4023"}],"wp:attachment":[{"href":"https:\/\/blog.heilig-cloud.net\/index.php?rest_route=%2Fwp%2Fv2%2Fmedia&parent=4021"}],"curies":[{"name":"wp","href":"https:\/\/api.w.org\/{rel}","templated":true}]}}