{"id":4019,"date":"2026-05-05T19:30:09","date_gmt":"2026-05-05T17:30:09","guid":{"rendered":"https:\/\/blog.heilig-cloud.net\/?page_id=4019"},"modified":"2026-05-05T19:41:02","modified_gmt":"2026-05-05T17:41:02","slug":"datenschutzerklaerung","status":"publish","type":"page","link":"https:\/\/blog.heilig-cloud.net\/?page_id=4019","title":{"rendered":"Datenschutzerkl\u00e4rung"},"content":{"rendered":"\n<h3 class=\"wp-block-heading\">Datenschutzerkl\u00e4rung<\/h3>\n\n\n\n<p><strong>1. Wer wir sind<\/strong>\u00a0<br>Die verantwortliche Stelle f\u00fcr die Datenverarbeitung auf dieser Website ist: <br><br>Joachim Heilig<br>Amselweg 14<br>57578 Elkenroth<br>Deutschland<br><br>E-Mail: blog[at]heilig[dot]it<br>Website:\u00a0<a href=\"https:\/\/blog.heilig-cloud.net\/\" target=\"_blank\" rel=\"noreferrer noopener\">https:\/\/blog.heilig-cloud.net<\/a><\/p>\n\n\n\n<p><strong>2. Kommentare<\/strong>&nbsp;<br>Wenn du einen Kommentar hinterl\u00e4sst, speichern wir die Daten, die du im Formular eingibst, sowie deine IP-Adresse und den Browser-Typ. Das hilft uns, Spam zu vermeiden und ist unser berechtigtes Interesse.<br><br><em>Hinweis zu Gravatar:<\/em>&nbsp;Falls du den Dienst Gravatar nutzt, wird eine anonymisierte Pr\u00fcfsumme (Hash) deiner E-Mail-Adresse an Gravatar gesendet. Sobald dein Kommentar freigegeben ist, ist dein Profilbild dort f\u00fcr alle sichtbar.<\/p>\n\n\n\n<p><strong>3. Medien<\/strong>&nbsp;<br>Solltest du Bilder in Kommentaren hochladen d\u00fcrfen: Bitte achte darauf, keine Fotos mit EXIF-GPS-Standortdaten hochzuladen. Andere Besucher k\u00f6nnten diese Infos sonst auslesen.<\/p>\n\n\n\n<p><strong>4. Cookies<\/strong>&nbsp;<br>Wir nutzen Cookies nur dort, wo sie technisch n\u00f6tig oder komfortabel sind:<br><em>Kommentare:<\/em>&nbsp;Wenn du einen Kommentar schreibst, kannst du Name und E-Mail in Cookies speichern lassen, damit du sie beim n\u00e4chsten Mal nicht neu eintippen musst. Diese halten ein Jahr.<br><em>System-Cookies:<\/em>&nbsp;Falls du ein Benutzerkonto hast und dich anmeldest, setzen wir tempor\u00e4re Cookies, um die Sitzung und deine Anzeige-Einstellungen zu verwalten.<\/p>\n\n\n\n<p><strong>5. Eingebettete Inhalte<\/strong>&nbsp;<br>Beitr\u00e4ge auf dieser Seite k\u00f6nnen Videos oder Karten von anderen Websites enthalten (z. B. YouTube oder Google Maps). Diese verhalten sich so, als ob du die andere Website direkt besuchst. Diese Anbieter k\u00f6nnen Daten \u00fcber dich sammeln, falls du dort eingeloggt bist.<\/p>\n\n\n\n<p><strong>6. Wie lange wir Daten speichern<\/strong>&nbsp;<br>Kommentare und deren Metadaten bleiben dauerhaft gespeichert, damit wir Folgediskussionen automatisch erkennen k\u00f6nnen. Wenn du ein Benutzerkonto hast, speichern wir die Daten deines Profils so lange, wie das Konto besteht.<\/p>\n\n\n\n<p><strong>7. Deine Rechte<\/strong>&nbsp;<br>Du hast jederzeit das Recht:<br>&#8211; Auskunft \u00fcber deine bei uns gespeicherten Daten zu erhalten.<br>&#8211; Die L\u00f6schung deiner Daten (z. B. Kommentare) zu verlangen.<br>&#8211; Deine Daten in einem g\u00e4ngigen Format zu exportieren. <br>   Schreib mir dazu einfach eine kurze E-Mail.<\/p>\n\n\n\n<p><strong>8. Spam-Pr\u00fcfung<\/strong>&nbsp;<br>Um meinen Blog sauber zu halten, nutzen wir einen automatisierten Dienst zur Spam-Erkennung (z.B. das WordPress-interne Tool Akismet oder Antispam Bee), an den die Kommentardaten \u00fcbermittelt werden.<\/p>\n","protected":false},"excerpt":{"rendered":"<p>Datenschutzerkl\u00e4rung 1. Wer wir sind\u00a0Die verantwortliche Stelle f\u00fcr die Datenverarbeitung auf dieser Website ist: Joachim HeiligAmselweg 1457578 ElkenrothDeutschland E-Mail: blog[at]heilig[dot]itWebsite:\u00a0https:\/\/blog.heilig-cloud.net 2. Kommentare&nbsp;Wenn du einen Kommentar hinterl\u00e4sst, speichern wir die Daten, die du im Formular eingibst, sowie deine IP-Adresse und den Browser-Typ. Das hilft uns, Spam zu vermeiden und ist unser berechtigtes Interesse. Hinweis zu Gravatar:&nbsp;Falls &hellip; <a href=\"https:\/\/blog.heilig-cloud.net\/?page_id=4019\" class=\"more-link\"><span class=\"screen-reader-text\">Datenschutzerkl\u00e4rung<\/span> weiterlesen <span class=\"meta-nav\">&rarr;<\/span><\/a><\/p>\n","protected":false},"author":6,"featured_media":0,"parent":0,"menu_order":0,"comment_status":"closed","ping_status":"closed","template":"","meta":{"jetpack_post_was_ever_published":false,"footnotes":""},"class_list":["post-4019","page","type-page","status-publish","hentry"],"jetpack_sharing_enabled":true,"jetpack_shortlink":"https:\/\/wp.me\/P9UxDh-12P","_links":{"self":[{"href":"https:\/\/blog.heilig-cloud.net\/index.php?rest_route=\/wp\/v2\/pages\/4019","targetHints":{"allow":["GET"]}}],"collection":[{"href":"https:\/\/blog.heilig-cloud.net\/index.php?rest_route=\/wp\/v2\/pages"}],"about":[{"href":"https:\/\/blog.heilig-cloud.net\/index.php?rest_route=\/wp\/v2\/types\/page"}],"author":[{"embeddable":true,"href":"https:\/\/blog.heilig-cloud.net\/index.php?rest_route=\/wp\/v2\/users\/6"}],"replies":[{"embeddable":true,"href":"https:\/\/blog.heilig-cloud.net\/index.php?rest_route=%2Fwp%2Fv2%2Fcomments&post=4019"}],"version-history":[{"count":2,"href":"https:\/\/blog.heilig-cloud.net\/index.php?rest_route=\/wp\/v2\/pages\/4019\/revisions"}],"predecessor-version":[{"id":4024,"href":"https:\/\/blog.heilig-cloud.net\/index.php?rest_route=\/wp\/v2\/pages\/4019\/revisions\/4024"}],"wp:attachment":[{"href":"https:\/\/blog.heilig-cloud.net\/index.php?rest_route=%2Fwp%2Fv2%2Fmedia&parent=4019"}],"curies":[{"name":"wp","href":"https:\/\/api.w.org\/{rel}","templated":true}]}}